{"id":882,"date":"2023-02-20T13:55:38","date_gmt":"2023-02-20T13:55:38","guid":{"rendered":"https:\/\/hedgarden.nu\/sommar\/"},"modified":"2023-07-06T06:16:05","modified_gmt":"2023-07-06T06:16:05","slug":"sommar","status":"publish","type":"page","link":"https:\/\/hedgarden.nu\/de\/sommar\/","title":{"rendered":"Summer"},"content":{"rendered":"\t\t<div data-elementor-type=\"wp-page\" data-elementor-id=\"882\" class=\"elementor elementor-882 elementor-280\" data-elementor-post-type=\"page\">\n\t\t\t\t\t\t<section class=\"elementor-section elementor-top-section elementor-element elementor-element-8c48b6c elementor-section-full_width elementor-section-height-default elementor-section-height-default\" data-id=\"8c48b6c\" data-element_type=\"section\">\n\t\t\t\t\t\t<div class=\"elementor-container elementor-column-gap-default\">\n\t\t\t\t\t<div class=\"elementor-column elementor-col-100 elementor-top-column elementor-element elementor-element-5cbec88\" data-id=\"5cbec88\" data-element_type=\"column\">\n\t\t\t<div class=\"elementor-widget-wrap elementor-element-populated\">\n\t\t\t\t\t\t<div class=\"elementor-element elementor-element-49f8433 elementor-widget elementor-widget-heading\" data-id=\"49f8433\" data-element_type=\"widget\" data-widget_type=\"heading.default\">\n\t\t\t\t<div class=\"elementor-widget-container\">\n\t\t\t\t\t<h1 class=\"elementor-heading-title elementor-size-default\">~ Sommar ~<\/h1>\t\t\t\t<\/div>\n\t\t\t\t<\/div>\n\t\t\t\t\t<\/div>\n\t\t<\/div>\n\t\t\t\t\t<\/div>\n\t\t<\/section>\n\t\t\t\t<section class=\"elementor-section elementor-top-section elementor-element elementor-element-15de164 elementor-section-full_width elementor-reverse-tablet elementor-reverse-mobile elementor-section-height-default elementor-section-height-default\" data-id=\"15de164\" data-element_type=\"section\">\n\t\t\t\t\t\t<div class=\"elementor-container elementor-column-gap-wider\">\n\t\t\t\t\t<div class=\"elementor-column elementor-col-50 elementor-top-column elementor-element elementor-element-0b99ad4\" data-id=\"0b99ad4\" data-element_type=\"column\">\n\t\t\t<div class=\"elementor-widget-wrap elementor-element-populated\">\n\t\t\t\t\t\t<div class=\"elementor-element elementor-element-5c71ae8 elementor-widget elementor-widget-image\" data-id=\"5c71ae8\" data-element_type=\"widget\" data-widget_type=\"image.default\">\n\t\t\t\t<div class=\"elementor-widget-container\">\n\t\t\t\t\t\t\t\t\t\t\t\t\t\t\t<img fetchpriority=\"high\" decoding=\"async\" width=\"735\" height=\"485\" src=\"https:\/\/hedgarden.nu\/wp-content\/uploads\/2023\/02\/hus.png\" class=\"attachment-full size-full wp-image-416\" alt=\"\" srcset=\"https:\/\/hedgarden.nu\/wp-content\/uploads\/2023\/02\/hus.png 735w, https:\/\/hedgarden.nu\/wp-content\/uploads\/2023\/02\/hus-300x198.png 300w\" sizes=\"(max-width: 735px) 100vw, 735px\" \/>\t\t\t\t\t\t\t\t\t\t\t\t\t\t\t<\/div>\n\t\t\t\t<\/div>\n\t\t\t\t<div class=\"elementor-element elementor-element-98d6aad elementor-widget elementor-widget-image\" data-id=\"98d6aad\" data-element_type=\"widget\" data-widget_type=\"image.default\">\n\t\t\t\t<div class=\"elementor-widget-container\">\n\t\t\t\t\t\t\t\t\t\t\t\t\t\t\t<img decoding=\"async\" width=\"720\" height=\"960\" src=\"https:\/\/hedgarden.nu\/wp-content\/uploads\/2023\/07\/Resized_20200825_114500.jpeg\" class=\"attachment-full size-full wp-image-841\" alt=\"\" srcset=\"https:\/\/hedgarden.nu\/wp-content\/uploads\/2023\/07\/Resized_20200825_114500.jpeg 720w, https:\/\/hedgarden.nu\/wp-content\/uploads\/2023\/07\/Resized_20200825_114500-225x300.jpeg 225w\" sizes=\"(max-width: 720px) 100vw, 720px\" \/>\t\t\t\t\t\t\t\t\t\t\t\t\t\t\t<\/div>\n\t\t\t\t<\/div>\n\t\t\t\t<div class=\"elementor-element elementor-element-e57af11 elementor-widget elementor-widget-image\" data-id=\"e57af11\" data-element_type=\"widget\" data-widget_type=\"image.default\">\n\t\t\t\t<div class=\"elementor-widget-container\">\n\t\t\t\t\t\t\t\t\t\t\t\t\t\t\t<img decoding=\"async\" width=\"1920\" height=\"2560\" src=\"https:\/\/hedgarden.nu\/wp-content\/uploads\/2023\/07\/20230623_164002-scaled.jpg\" class=\"attachment-full size-full wp-image-762\" alt=\"\" srcset=\"https:\/\/hedgarden.nu\/wp-content\/uploads\/2023\/07\/20230623_164002-scaled.jpg 1920w, https:\/\/hedgarden.nu\/wp-content\/uploads\/2023\/07\/20230623_164002-225x300.jpg 225w, https:\/\/hedgarden.nu\/wp-content\/uploads\/2023\/07\/20230623_164002-768x1024.jpg 768w, https:\/\/hedgarden.nu\/wp-content\/uploads\/2023\/07\/20230623_164002-1152x1536.jpg 1152w, https:\/\/hedgarden.nu\/wp-content\/uploads\/2023\/07\/20230623_164002-1536x2048.jpg 1536w\" sizes=\"(max-width: 1920px) 100vw, 1920px\" \/>\t\t\t\t\t\t\t\t\t\t\t\t\t\t\t<\/div>\n\t\t\t\t<\/div>\n\t\t\t\t<div class=\"elementor-element elementor-element-6c69c27 elementor-widget elementor-widget-image\" data-id=\"6c69c27\" data-element_type=\"widget\" data-widget_type=\"image.default\">\n\t\t\t\t<div class=\"elementor-widget-container\">\n\t\t\t\t\t\t\t\t\t\t\t\t\t\t\t<img loading=\"lazy\" decoding=\"async\" width=\"1920\" height=\"2560\" src=\"https:\/\/hedgarden.nu\/wp-content\/uploads\/2023\/07\/20200708_134523-scaled.jpg\" class=\"attachment-full size-full wp-image-699\" alt=\"\" srcset=\"https:\/\/hedgarden.nu\/wp-content\/uploads\/2023\/07\/20200708_134523-scaled.jpg 1920w, https:\/\/hedgarden.nu\/wp-content\/uploads\/2023\/07\/20200708_134523-225x300.jpg 225w, https:\/\/hedgarden.nu\/wp-content\/uploads\/2023\/07\/20200708_134523-768x1024.jpg 768w, https:\/\/hedgarden.nu\/wp-content\/uploads\/2023\/07\/20200708_134523-1152x1536.jpg 1152w, https:\/\/hedgarden.nu\/wp-content\/uploads\/2023\/07\/20200708_134523-1536x2048.jpg 1536w\" sizes=\"(max-width: 1920px) 100vw, 1920px\" \/>\t\t\t\t\t\t\t\t\t\t\t\t\t\t\t<\/div>\n\t\t\t\t<\/div>\n\t\t\t\t<div class=\"elementor-element elementor-element-e4547c0 elementor-widget elementor-widget-image\" data-id=\"e4547c0\" data-element_type=\"widget\" data-widget_type=\"image.default\">\n\t\t\t\t<div class=\"elementor-widget-container\">\n\t\t\t\t\t\t\t\t\t\t\t\t\t\t\t<img loading=\"lazy\" decoding=\"async\" width=\"1920\" height=\"2560\" src=\"https:\/\/hedgarden.nu\/wp-content\/uploads\/2023\/07\/20230629_150009-scaled.jpg\" class=\"attachment-full size-full wp-image-765\" alt=\"\" srcset=\"https:\/\/hedgarden.nu\/wp-content\/uploads\/2023\/07\/20230629_150009-scaled.jpg 1920w, https:\/\/hedgarden.nu\/wp-content\/uploads\/2023\/07\/20230629_150009-225x300.jpg 225w, https:\/\/hedgarden.nu\/wp-content\/uploads\/2023\/07\/20230629_150009-768x1024.jpg 768w, https:\/\/hedgarden.nu\/wp-content\/uploads\/2023\/07\/20230629_150009-1152x1536.jpg 1152w, https:\/\/hedgarden.nu\/wp-content\/uploads\/2023\/07\/20230629_150009-1536x2048.jpg 1536w\" sizes=\"(max-width: 1920px) 100vw, 1920px\" \/>\t\t\t\t\t\t\t\t\t\t\t\t\t\t\t<\/div>\n\t\t\t\t<\/div>\n\t\t\t\t\t<\/div>\n\t\t<\/div>\n\t\t\t\t<div class=\"elementor-column elementor-col-50 elementor-top-column elementor-element elementor-element-70f77e4\" data-id=\"70f77e4\" data-element_type=\"column\">\n\t\t\t<div class=\"elementor-widget-wrap elementor-element-populated\">\n\t\t\t\t\t\t<div class=\"elementor-element elementor-element-450140d elementor-widget elementor-widget-heading\" data-id=\"450140d\" data-element_type=\"widget\" data-widget_type=\"heading.default\">\n\t\t\t\t<div class=\"elementor-widget-container\">\n\t\t\t\t\t<h2 class=\"elementor-heading-title elementor-size-default\">Hedg\u00e5rden p\u00e5 sommaren<\/h2>\t\t\t\t<\/div>\n\t\t\t\t<\/div>\n\t\t\t\t<div class=\"elementor-element elementor-element-fa49c19 elementor-widget-divider--view-line elementor-widget elementor-widget-divider\" data-id=\"fa49c19\" data-element_type=\"widget\" data-widget_type=\"divider.default\">\n\t\t\t\t<div class=\"elementor-widget-container\">\n\t\t\t\t\t\t\t<div class=\"elementor-divider\">\n\t\t\t<span class=\"elementor-divider-separator\">\n\t\t\t\t\t\t<\/span>\n\t\t<\/div>\n\t\t\t\t\t\t<\/div>\n\t\t\t\t<\/div>\n\t\t\t\t<div class=\"elementor-element elementor-element-cb4df0e elementor-widget elementor-widget-text-editor\" data-id=\"cb4df0e\" data-element_type=\"widget\" data-widget_type=\"text-editor.default\">\n\t\t\t\t<div class=\"elementor-widget-container\">\n\t\t\t\t\t\t\t\t\t<p>V\u00e4ljer du att komma hit till oss p\u00e5 sommaren f\u00e5r du uppleva en avkopplande milj\u00f6. S\u00e4tt dig ner<br \/>med en god bok i hammocken eller bara lyssna p\u00e5 tystnaden. Snart f\u00e5r du bes\u00f6k av de nyfikna h\u00f6nsen.<\/p>\n<p>Husbonden erbjuder guidade turer d\u00e4r du har chansen att f\u00e5 se skogens konung, en bj\u00f6rn eller bara njuta av de vackra omgivningarna.<\/p>\n<p>F\u00f6r barnen finns det en lekstuga, gungor och gott om plats att g\u00e5 p\u00e5 egna \u00e4ventyr. F\u00f6lj med Lars-Erik eller Margareta och mata h\u00f6nsen.<br \/>Badsugen?!<br \/>Vi har g\u00e5ngavst\u00e5nd till en mycket fin badsj\u00f6 med sandstrand, rutschkana och hopptorn. F\u00f6r den lite kyligare eller regnigare dagen s\u00e5 finns det en mycket fin simhall med rutschkana, 50-meters bass\u00e4ng, gym och bastu.<\/p>\n<p>F\u00f6r dig som vill uppleva naturen s\u00e5 ligger vildmarken runt knuten med m\u00e5nga naturstigar, vandringsleder och utflyktsm\u00e5l. Ett \u00e4r Hykjieberg med milsvid utsikt och s\u00e4llsynt fauna. F\u00f6r den lite mer \u00e4ventyrlige finns m\u00f6jligheter till mountainbikecykling och bergskl\u00e4ttring. I v\u00e5ra milsvida skogar finns det gott om b\u00e4r och svamp. Dessutom kan ni g\u00f6ra ett bes\u00f6k i n\u00e5gon av bygdens levande f\u00e4bodar, Gessi eller Hedbodarna, passa p\u00e5 att ta en fika h\u00e4r och k\u00f6p med dej lite f\u00e4bodprodukter. Vasaloppsarenan \u00e4r lika aktiv sommar som vinter. Vandra i f\u00e4ders sp\u00e5r eller tr\u00e4na h\u00e4r inf\u00f6r cykel- och vasastafetten.<\/p>\n<p><b>Rots Skans &#8211; Hembygdsg\u00e5rd<\/b><br \/>Rots Skans ligger bara 300 m fr\u00e5n Hedg\u00e5rden.<br \/>Det \u00e4r en bef\u00e4stningsanl\u00e4ggning som byggdes \u00e5r 1677. Den byggdes f\u00f6r att skydda oss fr\u00e5n Norrm\u00e4nnen. Inne p\u00e5 Skansen visas hus, boendeformer och hantverk fr\u00e5n sen medeltid till b\u00f6rjan av 1900. Inne p\u00e5 &#8222;Skansen&#8220; visas hus, boendeformer och hantverk fr\u00e5n sen medeltid till b\u00f6rjan av 1900. H\u00e4r firar vi \u00e4ven midsommar<br \/>varje \u00e5r, p\u00e5 \u00e4kta &#8222;dalavis&#8220;<\/p>\n<p><b>Porfyr<\/b><br \/>I \u00c4lvdalen finns Sveriges enda porfyromr\u00e5de.<br \/>Den vackra vulkaniska bergarten som brukar kallas Sveriges diamant, har tagits till vara i \u00e5rhundraden och \u00e4r nu liksom f\u00f6rr mycket attraktiv. F\u00f6rr gjordes pampiga monument i porfyr, nu tillverkas huvudsakligen smycken och prydnadsf\u00f6rem\u00e5l som finns till f\u00f6rs\u00e4ljning p\u00e5 bland annat porfyrcenter. I centrala \u00c4lvdalen ligger Porfyrmuseet.<\/p>\n<p><b>Fiske<\/b><br \/>\u00c4lvdalen har n\u00e5gra av Sveriges b\u00e4sta fiskevatten. H\u00e4r finns i stort sett allt man kan \u00f6nska sig som fiskare. \u00c4lvfiske, renodlat vildmarksfiske i sm\u00e5 str\u00f6mmande vatten eller hemliga tj\u00e4rnar d\u00e4r v\u00e4gen tar slut och vildmarken tar vid. Det finns \u00e4ven flytringsfiske, sj\u00f6fiske och trolling. Vi har ett fint Fiskecenter d\u00e4r du \u00e4ven kan boka in en guide.<\/p>\n<p><b>Tj\u00e4nsteresan<\/b><br \/>Du som reser i tj\u00e4nsten eller bara passerar och har tr\u00f6ttnat p\u00e5 hotellrum \u00e4r Hedg\u00e5rden ett bra och prisv\u00e4rt alternativ. H\u00e4r kopplar du av och laddar batterierna inf\u00f6r din fortsatta resa. Ladda upp med en frukost gjord p\u00e5 lokala r\u00e5varor och rykande f\u00e4rskt br\u00f6d.<\/p>\n\t\t\t\t\t\t\t\t<\/div>\n\t\t\t\t<\/div>\n\t\t\t\t\t<\/div>\n\t\t<\/div>\n\t\t\t\t\t<\/div>\n\t\t<\/section>\n\t\t\t\t<\/div>\n\t\t","protected":false},"excerpt":{"rendered":"<p>~ Sommar ~ Hedg\u00e5rden p\u00e5 sommaren V\u00e4ljer du att komma hit till oss p\u00e5 sommaren f\u00e5r du uppleva en avkopplande milj\u00f6. S\u00e4tt dig nermed en god bok i hammocken eller bara lyssna p\u00e5 tystnaden. Snart f\u00e5r du bes\u00f6k av de nyfikna h\u00f6nsen. Husbonden erbjuder guidade turer d\u00e4r du har chansen att f\u00e5 se skogens konung, [&hellip;]<\/p>\n","protected":false},"author":1,"featured_media":0,"parent":0,"menu_order":0,"comment_status":"closed","ping_status":"closed","template":"elementor_header_footer","meta":{"footnotes":""},"class_list":["post-882","page","type-page","status-publish","hentry"],"_links":{"self":[{"href":"https:\/\/hedgarden.nu\/de\/wp-json\/wp\/v2\/pages\/882","targetHints":{"allow":["GET"]}}],"collection":[{"href":"https:\/\/hedgarden.nu\/de\/wp-json\/wp\/v2\/pages"}],"about":[{"href":"https:\/\/hedgarden.nu\/de\/wp-json\/wp\/v2\/types\/page"}],"author":[{"embeddable":true,"href":"https:\/\/hedgarden.nu\/de\/wp-json\/wp\/v2\/users\/1"}],"replies":[{"embeddable":true,"href":"https:\/\/hedgarden.nu\/de\/wp-json\/wp\/v2\/comments?post=882"}],"version-history":[{"count":3,"href":"https:\/\/hedgarden.nu\/de\/wp-json\/wp\/v2\/pages\/882\/revisions"}],"predecessor-version":[{"id":885,"href":"https:\/\/hedgarden.nu\/de\/wp-json\/wp\/v2\/pages\/882\/revisions\/885"}],"wp:attachment":[{"href":"https:\/\/hedgarden.nu\/de\/wp-json\/wp\/v2\/media?parent=882"}],"curies":[{"name":"wp","href":"https:\/\/api.w.org\/{rel}","templated":true}]}}