{"id":904,"date":"2023-02-17T10:16:44","date_gmt":"2023-02-17T10:16:44","guid":{"rendered":"https:\/\/hedgarden.nu\/home\/"},"modified":"2023-07-06T18:42:37","modified_gmt":"2023-07-06T18:42:37","slug":"home","status":"publish","type":"page","link":"https:\/\/hedgarden.nu\/en\/","title":{"rendered":"Home"},"content":{"rendered":"\t\t<div data-elementor-type=\"wp-page\" data-elementor-id=\"904\" class=\"elementor elementor-904 elementor-36\" data-elementor-post-type=\"page\">\n\t\t\t\t\t\t<section class=\"elementor-section elementor-top-section elementor-element elementor-element-7117cfd3 elementor-section-full_width elementor-section-height-default elementor-section-height-default\" data-id=\"7117cfd3\" data-element_type=\"section\">\n\t\t\t\t\t\t<div class=\"elementor-container elementor-column-gap-default\">\n\t\t\t\t\t<div class=\"elementor-column elementor-col-33 elementor-top-column elementor-element elementor-element-4d9fd0be\" data-id=\"4d9fd0be\" data-element_type=\"column\">\n\t\t\t<div class=\"elementor-widget-wrap elementor-element-populated\">\n\t\t\t\t\t\t<div class=\"elementor-element elementor-element-16c98f88 elementor-widget elementor-widget-heading\" data-id=\"16c98f88\" data-element_type=\"widget\" data-widget_type=\"heading.default\">\n\t\t\t\t<div class=\"elementor-widget-container\">\n\t\t\t\t\t<h1 class=\"elementor-heading-title elementor-size-default\">Hedg\u00e5rdens Bo p\u00e5 Lantg\u00e5rd<\/h1>\t\t\t\t<\/div>\n\t\t\t\t<\/div>\n\t\t\t\t<div class=\"elementor-element elementor-element-4d147793 elementor-widget elementor-widget-heading\" data-id=\"4d147793\" data-element_type=\"widget\" data-widget_type=\"heading.default\">\n\t\t\t\t<div class=\"elementor-widget-container\">\n\t\t\t\t\t<h2 class=\"elementor-heading-title elementor-size-default\">Bed and Breakfast in a rural enviroment<\/h2>\t\t\t\t<\/div>\n\t\t\t\t<\/div>\n\t\t\t\t\t<\/div>\n\t\t<\/div>\n\t\t\t\t<div class=\"elementor-column elementor-col-33 elementor-top-column elementor-element elementor-element-25ee5aeb\" data-id=\"25ee5aeb\" data-element_type=\"column\">\n\t\t\t<div class=\"elementor-widget-wrap\">\n\t\t\t\t\t\t\t<\/div>\n\t\t<\/div>\n\t\t\t\t<div class=\"elementor-column elementor-col-33 elementor-top-column elementor-element elementor-element-34e2c59b\" data-id=\"34e2c59b\" data-element_type=\"column\">\n\t\t\t<div class=\"elementor-widget-wrap elementor-element-populated\">\n\t\t\t\t\t\t<div class=\"elementor-element elementor-element-349a3e80 elementor-widget elementor-widget-image\" data-id=\"349a3e80\" data-element_type=\"widget\" data-widget_type=\"image.default\">\n\t\t\t\t<div class=\"elementor-widget-container\">\n\t\t\t\t\t\t\t\t\t\t\t\t\t\t\t<img fetchpriority=\"high\" decoding=\"async\" width=\"778\" height=\"1024\" src=\"https:\/\/hedgarden.nu\/wp-content\/uploads\/2023\/02\/Frukost-778x1024.jpg\" class=\"attachment-large size-large wp-image-344\" alt=\"\" srcset=\"https:\/\/hedgarden.nu\/wp-content\/uploads\/2023\/02\/Frukost-778x1024.jpg 778w, https:\/\/hedgarden.nu\/wp-content\/uploads\/2023\/02\/Frukost-228x300.jpg 228w, https:\/\/hedgarden.nu\/wp-content\/uploads\/2023\/02\/Frukost-768x1011.jpg 768w, https:\/\/hedgarden.nu\/wp-content\/uploads\/2023\/02\/Frukost-1167x1536.jpg 1167w, https:\/\/hedgarden.nu\/wp-content\/uploads\/2023\/02\/Frukost-1556x2048.jpg 1556w, https:\/\/hedgarden.nu\/wp-content\/uploads\/2023\/02\/Frukost-scaled.jpg 1945w\" sizes=\"(max-width: 778px) 100vw, 778px\" \/>\t\t\t\t\t\t\t\t\t\t\t\t\t\t\t<\/div>\n\t\t\t\t<\/div>\n\t\t\t\t\t<\/div>\n\t\t<\/div>\n\t\t\t\t\t<\/div>\n\t\t<\/section>\n\t\t\t\t<section class=\"elementor-section elementor-top-section elementor-element elementor-element-eff8837 elementor-section-full_width elementor-reverse-tablet elementor-reverse-mobile elementor-section-height-default elementor-section-height-default\" data-id=\"eff8837\" data-element_type=\"section\">\n\t\t\t\t\t\t<div class=\"elementor-container elementor-column-gap-wider\">\n\t\t\t\t\t<div class=\"elementor-column elementor-col-50 elementor-top-column elementor-element elementor-element-9438864\" data-id=\"9438864\" data-element_type=\"column\">\n\t\t\t<div class=\"elementor-widget-wrap elementor-element-populated\">\n\t\t\t\t\t\t<div class=\"elementor-element elementor-element-6905641 elementor-widget elementor-widget-heading\" data-id=\"6905641\" data-element_type=\"widget\" data-widget_type=\"heading.default\">\n\t\t\t\t<div class=\"elementor-widget-container\">\n\t\t\t\t\t<h2 class=\"elementor-heading-title elementor-size-default\">Welcome<\/h2>\t\t\t\t<\/div>\n\t\t\t\t<\/div>\n\t\t\t\t<div class=\"elementor-element elementor-element-3b78fb7e elementor-widget elementor-widget-text-editor\" data-id=\"3b78fb7e\" data-element_type=\"widget\" data-widget_type=\"text-editor.default\">\n\t\t\t\t<div class=\"elementor-widget-container\">\n\t\t\t\t\t\t\t\t\t<p>On Hedg\u00e5rden you are staying in our turn of the century house.<\/p>\n<p>A rural idyllic place with a stunning view our the mountains and the forest. Besides the pleasant atmosphere, the building has<br \/>\nseven beds, a large kitchen, three woodstoves,<br \/>\nnewly refurbished bathrooms as well as<br \/>\na large dining room.<\/p>\n<p>Hedg\u00e5rden has been awarded 5 &#8216;ax&#8217; (ears), the top rating of &#8216;Bo p\u00e5 Lantg\u00e5rd&#8217;\u00a0 (farm stays) for it\u00b4s high standard. Read more http:\/\/www.bopalantgard.se<\/p>\n\t\t\t\t\t\t\t\t<\/div>\n\t\t\t\t<\/div>\n\t\t\t\t\t<\/div>\n\t\t<\/div>\n\t\t\t\t<div class=\"elementor-column elementor-col-50 elementor-top-column elementor-element elementor-element-1af3693e\" data-id=\"1af3693e\" data-element_type=\"column\">\n\t\t\t<div class=\"elementor-widget-wrap elementor-element-populated\">\n\t\t\t\t\t\t<div class=\"elementor-element elementor-element-4119433e elementor-widget elementor-widget-image\" data-id=\"4119433e\" data-element_type=\"widget\" data-widget_type=\"image.default\">\n\t\t\t\t<div class=\"elementor-widget-container\">\n\t\t\t\t\t\t\t\t\t\t\t\t\t\t\t<img decoding=\"async\" width=\"800\" height=\"534\" src=\"https:\/\/hedgarden.nu\/wp-content\/uploads\/2023\/02\/Frukostmatsalen-1024x683.jpg\" class=\"attachment-large size-large wp-image-350\" alt=\"\" srcset=\"https:\/\/hedgarden.nu\/wp-content\/uploads\/2023\/02\/Frukostmatsalen-1024x683.jpg 1024w, https:\/\/hedgarden.nu\/wp-content\/uploads\/2023\/02\/Frukostmatsalen-300x200.jpg 300w, https:\/\/hedgarden.nu\/wp-content\/uploads\/2023\/02\/Frukostmatsalen-768x512.jpg 768w, https:\/\/hedgarden.nu\/wp-content\/uploads\/2023\/02\/Frukostmatsalen-1536x1025.jpg 1536w, https:\/\/hedgarden.nu\/wp-content\/uploads\/2023\/02\/Frukostmatsalen.jpg 2000w\" sizes=\"(max-width: 800px) 100vw, 800px\" \/>\t\t\t\t\t\t\t\t\t\t\t\t\t\t\t<\/div>\n\t\t\t\t<\/div>\n\t\t\t\t\t<\/div>\n\t\t<\/div>\n\t\t\t\t\t<\/div>\n\t\t<\/section>\n\t\t\t\t<section class=\"elementor-section elementor-top-section elementor-element elementor-element-3d4201e5 elementor-section-full_width elementor-section-height-default elementor-section-height-default\" data-id=\"3d4201e5\" data-element_type=\"section\">\n\t\t\t\t\t\t<div class=\"elementor-container elementor-column-gap-wider\">\n\t\t\t\t\t<div class=\"elementor-column elementor-col-33 elementor-top-column elementor-element elementor-element-341c570a\" data-id=\"341c570a\" data-element_type=\"column\" data-settings=\"{&quot;background_background&quot;:&quot;classic&quot;}\">\n\t\t\t<div class=\"elementor-widget-wrap elementor-element-populated\">\n\t\t\t\t\t\t<div class=\"elementor-element elementor-element-d69fb90 elementor-widget elementor-widget-image\" data-id=\"d69fb90\" data-element_type=\"widget\" data-widget_type=\"image.default\">\n\t\t\t\t<div class=\"elementor-widget-container\">\n\t\t\t\t\t\t\t\t\t\t\t\t\t\t\t<img decoding=\"async\" width=\"800\" height=\"524\" src=\"https:\/\/hedgarden.nu\/wp-content\/uploads\/2023\/02\/Sangkammaren-1024x671.jpg\" class=\"attachment-large size-large wp-image-320\" alt=\"\" srcset=\"https:\/\/hedgarden.nu\/wp-content\/uploads\/2023\/02\/Sangkammaren-1024x671.jpg 1024w, https:\/\/hedgarden.nu\/wp-content\/uploads\/2023\/02\/Sangkammaren-300x197.jpg 300w, https:\/\/hedgarden.nu\/wp-content\/uploads\/2023\/02\/Sangkammaren-768x503.jpg 768w, https:\/\/hedgarden.nu\/wp-content\/uploads\/2023\/02\/Sangkammaren-1536x1006.jpg 1536w, https:\/\/hedgarden.nu\/wp-content\/uploads\/2023\/02\/Sangkammaren.jpg 2000w\" sizes=\"(max-width: 800px) 100vw, 800px\" \/>\t\t\t\t\t\t\t\t\t\t\t\t\t\t\t<\/div>\n\t\t\t\t<\/div>\n\t\t\t\t<div class=\"elementor-element elementor-element-37dcd857 elementor-widget elementor-widget-text-editor\" data-id=\"37dcd857\" data-element_type=\"widget\" data-widget_type=\"text-editor.default\">\n\t\t\t\t<div class=\"elementor-widget-container\">\n\t\t\t\t\t\t\t\t\t<p>Enjoy our turn of the century house with fireplaces, home woven rugs and historical things.<\/p>\n\t\t\t\t\t\t\t\t<\/div>\n\t\t\t\t<\/div>\n\t\t\t\t\t<\/div>\n\t\t<\/div>\n\t\t\t\t<div class=\"elementor-column elementor-col-33 elementor-top-column elementor-element elementor-element-5d88dd9a\" data-id=\"5d88dd9a\" data-element_type=\"column\" data-settings=\"{&quot;background_background&quot;:&quot;classic&quot;}\">\n\t\t\t<div class=\"elementor-widget-wrap elementor-element-populated\">\n\t\t\t\t\t\t<div class=\"elementor-element elementor-element-9fb9907 elementor-widget elementor-widget-image\" data-id=\"9fb9907\" data-element_type=\"widget\" data-widget_type=\"image.default\">\n\t\t\t\t<div class=\"elementor-widget-container\">\n\t\t\t\t\t\t\t\t\t\t\t\t\t\t\t<img loading=\"lazy\" decoding=\"async\" width=\"315\" height=\"315\" src=\"https:\/\/hedgarden.nu\/wp-content\/uploads\/2023\/03\/Brod.jpg\" class=\"attachment-large size-large wp-image-574\" alt=\"\" srcset=\"https:\/\/hedgarden.nu\/wp-content\/uploads\/2023\/03\/Brod.jpg 315w, https:\/\/hedgarden.nu\/wp-content\/uploads\/2023\/03\/Brod-300x300.jpg 300w, https:\/\/hedgarden.nu\/wp-content\/uploads\/2023\/03\/Brod-150x150.jpg 150w\" sizes=\"(max-width: 315px) 100vw, 315px\" \/>\t\t\t\t\t\t\t\t\t\t\t\t\t\t\t<\/div>\n\t\t\t\t<\/div>\n\t\t\t\t<div class=\"elementor-element elementor-element-152d194e elementor-widget elementor-widget-text-editor\" data-id=\"152d194e\" data-element_type=\"widget\" data-widget_type=\"text-editor.default\">\n\t\t\t\t<div class=\"elementor-widget-container\">\n\t\t\t\t\t\t\t\t\t<p>Do you find breakfast an important meal for the day?<\/p>\n<p>Here at Hedg\u00e5rden you will get daily fresh bread, egg from the farm and products from the area to enjoy in an peacefull enviroment.<\/p>\n\t\t\t\t\t\t\t\t<\/div>\n\t\t\t\t<\/div>\n\t\t\t\t\t<\/div>\n\t\t<\/div>\n\t\t\t\t<div class=\"elementor-column elementor-col-33 elementor-top-column elementor-element elementor-element-311da6fd\" data-id=\"311da6fd\" data-element_type=\"column\" data-settings=\"{&quot;background_background&quot;:&quot;classic&quot;}\">\n\t\t\t<div class=\"elementor-widget-wrap elementor-element-populated\">\n\t\t\t\t\t\t<div class=\"elementor-element elementor-element-9c75eb2 elementor-widget elementor-widget-image\" data-id=\"9c75eb2\" data-element_type=\"widget\" data-widget_type=\"image.default\">\n\t\t\t\t<div class=\"elementor-widget-container\">\n\t\t\t\t\t\t\t\t\t\t\t\t\t\t\t<img loading=\"lazy\" decoding=\"async\" width=\"960\" height=\"862\" src=\"https:\/\/hedgarden.nu\/wp-content\/uploads\/2023\/07\/blp_logga.jpg\" class=\"attachment-full size-full wp-image-662\" alt=\"\" srcset=\"https:\/\/hedgarden.nu\/wp-content\/uploads\/2023\/07\/blp_logga.jpg 960w, https:\/\/hedgarden.nu\/wp-content\/uploads\/2023\/07\/blp_logga-300x269.jpg 300w, https:\/\/hedgarden.nu\/wp-content\/uploads\/2023\/07\/blp_logga-768x690.jpg 768w\" sizes=\"(max-width: 960px) 100vw, 960px\" \/>\t\t\t\t\t\t\t\t\t\t\t\t\t\t\t<\/div>\n\t\t\t\t<\/div>\n\t\t\t\t<div class=\"elementor-element elementor-element-f732cf5 elementor-widget elementor-widget-text-editor\" data-id=\"f732cf5\" data-element_type=\"widget\" data-widget_type=\"text-editor.default\">\n\t\t\t\t<div class=\"elementor-widget-container\">\n\t\t\t\t\t\t\t\t\t<p>Farmstay Sweden (Bo P\u00e5 Lantg\u00e5rd) is an association consisting of more than 100 member farms that provide accommodations for your holiday throughout the country. Our member farms offer unique and exciting experiences to guests from all over the world! Get personal with the hosts of the farms and learn about farm life, activities and routines. Perfect for the whole family to discover the gorgeous Swedish countryside!<\/p>\n\t\t\t\t\t\t\t\t<\/div>\n\t\t\t\t<\/div>\n\t\t\t\t<div class=\"elementor-element elementor-element-6461c36e elementor-align-center elementor-widget elementor-widget-button\" data-id=\"6461c36e\" data-element_type=\"widget\" data-widget_type=\"button.default\">\n\t\t\t\t<div class=\"elementor-widget-container\">\n\t\t\t\t\t\t\t\t\t<div class=\"elementor-button-wrapper\">\n\t\t\t\t\t<a class=\"elementor-button elementor-button-link elementor-size-sm elementor-animation-shrink\" href=\"https:\/\/www.bopalantgard.se\">\n\t\t\t\t\t\t<span class=\"elementor-button-content-wrapper\">\n\t\t\t\t\t\t\t\t\t<span class=\"elementor-button-text\">Farm Stay<\/span>\n\t\t\t\t\t<\/span>\n\t\t\t\t\t<\/a>\n\t\t\t\t<\/div>\n\t\t\t\t\t\t\t\t<\/div>\n\t\t\t\t<\/div>\n\t\t\t\t\t<\/div>\n\t\t<\/div>\n\t\t\t\t\t<\/div>\n\t\t<\/section>\n\t\t\t\t<section class=\"elementor-section elementor-top-section elementor-element elementor-element-7112b529 elementor-section-full_width elementor-section-height-default elementor-section-height-default\" data-id=\"7112b529\" data-element_type=\"section\">\n\t\t\t\t\t\t<div class=\"elementor-container elementor-column-gap-default\">\n\t\t\t\t\t<div class=\"elementor-column elementor-col-33 elementor-top-column elementor-element elementor-element-42d95eea\" data-id=\"42d95eea\" data-element_type=\"column\">\n\t\t\t<div class=\"elementor-widget-wrap elementor-element-populated\">\n\t\t\t\t\t\t<div class=\"elementor-element elementor-element-400852d9 elementor-widget elementor-widget-image\" data-id=\"400852d9\" data-element_type=\"widget\" data-widget_type=\"image.default\">\n\t\t\t\t<div class=\"elementor-widget-container\">\n\t\t\t\t\t\t\t\t\t\t\t\t\t\t\t<img loading=\"lazy\" decoding=\"async\" width=\"800\" height=\"563\" src=\"https:\/\/hedgarden.nu\/wp-content\/uploads\/2023\/02\/pers-rum-1024x720.jpg\" class=\"attachment-large size-large wp-image-362\" alt=\"\" srcset=\"https:\/\/hedgarden.nu\/wp-content\/uploads\/2023\/02\/pers-rum-1024x720.jpg 1024w, https:\/\/hedgarden.nu\/wp-content\/uploads\/2023\/02\/pers-rum-300x211.jpg 300w, https:\/\/hedgarden.nu\/wp-content\/uploads\/2023\/02\/pers-rum-768x540.jpg 768w, https:\/\/hedgarden.nu\/wp-content\/uploads\/2023\/02\/pers-rum-1536x1081.jpg 1536w, https:\/\/hedgarden.nu\/wp-content\/uploads\/2023\/02\/pers-rum.jpg 2000w\" sizes=\"(max-width: 800px) 100vw, 800px\" \/>\t\t\t\t\t\t\t\t\t\t\t\t\t\t\t<\/div>\n\t\t\t\t<\/div>\n\t\t\t\t<div class=\"elementor-element elementor-element-65879ee1 elementor-widget elementor-widget-testimonial\" data-id=\"65879ee1\" data-element_type=\"widget\" data-widget_type=\"testimonial.default\">\n\t\t\t\t<div class=\"elementor-widget-container\">\n\t\t\t\t\t\t\t<div class=\"elementor-testimonial-wrapper\">\n\t\t\t\n\t\t\t\t\t\t<div class=\"elementor-testimonial-meta\">\n\t\t\t\t<div class=\"elementor-testimonial-meta-inner\">\n\t\t\t\t\t\n\t\t\t\t\t\t\t\t\t\t<div class=\"elementor-testimonial-details\">\n\t\t\t\t\t\t\t\t\t\t\t\t\t\t<div class=\"elementor-testimonial-name\">Pers Rum<br> <br>The small cozy room.<\/div>\n\t\t\t\t\t\t\t\t\t\t\t\t\t\t\t\t\t\t\t<\/div>\n\t\t\t\t\t\t\t\t\t<\/div>\n\t\t\t<\/div>\n\t\t\t\t\t<\/div>\n\t\t\t\t\t\t<\/div>\n\t\t\t\t<\/div>\n\t\t\t\t\t<\/div>\n\t\t<\/div>\n\t\t\t\t<div class=\"elementor-column elementor-col-33 elementor-top-column elementor-element elementor-element-4f5f6ad5\" data-id=\"4f5f6ad5\" data-element_type=\"column\">\n\t\t\t<div class=\"elementor-widget-wrap elementor-element-populated\">\n\t\t\t\t\t\t<div class=\"elementor-element elementor-element-656963c9 elementor-widget elementor-widget-image\" data-id=\"656963c9\" data-element_type=\"widget\" data-widget_type=\"image.default\">\n\t\t\t\t<div class=\"elementor-widget-container\">\n\t\t\t\t\t\t\t\t\t\t\t\t\t\t\t<img decoding=\"async\" width=\"800\" height=\"524\" src=\"https:\/\/hedgarden.nu\/wp-content\/uploads\/2023\/02\/Sangkammaren-1024x671.jpg\" class=\"attachment-large size-large wp-image-320\" alt=\"\" srcset=\"https:\/\/hedgarden.nu\/wp-content\/uploads\/2023\/02\/Sangkammaren-1024x671.jpg 1024w, https:\/\/hedgarden.nu\/wp-content\/uploads\/2023\/02\/Sangkammaren-300x197.jpg 300w, https:\/\/hedgarden.nu\/wp-content\/uploads\/2023\/02\/Sangkammaren-768x503.jpg 768w, https:\/\/hedgarden.nu\/wp-content\/uploads\/2023\/02\/Sangkammaren-1536x1006.jpg 1536w, https:\/\/hedgarden.nu\/wp-content\/uploads\/2023\/02\/Sangkammaren.jpg 2000w\" sizes=\"(max-width: 800px) 100vw, 800px\" \/>\t\t\t\t\t\t\t\t\t\t\t\t\t\t\t<\/div>\n\t\t\t\t<\/div>\n\t\t\t\t<div class=\"elementor-element elementor-element-34b05677 elementor-widget elementor-widget-testimonial\" data-id=\"34b05677\" data-element_type=\"widget\" data-widget_type=\"testimonial.default\">\n\t\t\t\t<div class=\"elementor-widget-container\">\n\t\t\t\t\t\t\t<div class=\"elementor-testimonial-wrapper\">\n\t\t\t\t\t\t\t<div class=\"elementor-testimonial-content\"><p>S\u00e4ngkammaren<\/p>\n<p>The room with a view!<\/p>\n<\/div>\n\t\t\t\n\t\t\t\t\t<\/div>\n\t\t\t\t\t\t<\/div>\n\t\t\t\t<\/div>\n\t\t\t\t\t<\/div>\n\t\t<\/div>\n\t\t\t\t<div class=\"elementor-column elementor-col-33 elementor-top-column elementor-element elementor-element-18584670\" data-id=\"18584670\" data-element_type=\"column\">\n\t\t\t<div class=\"elementor-widget-wrap elementor-element-populated\">\n\t\t\t\t\t\t<div class=\"elementor-element elementor-element-29afde07 elementor-widget elementor-widget-image\" data-id=\"29afde07\" data-element_type=\"widget\" data-widget_type=\"image.default\">\n\t\t\t\t<div class=\"elementor-widget-container\">\n\t\t\t\t\t\t\t\t\t\t\t\t\t\t\t<img loading=\"lazy\" decoding=\"async\" width=\"800\" height=\"534\" src=\"https:\/\/hedgarden.nu\/wp-content\/uploads\/2023\/02\/Sodra-rummet-kakelugn-1024x683.jpg\" class=\"attachment-large size-large wp-image-329\" alt=\"\" srcset=\"https:\/\/hedgarden.nu\/wp-content\/uploads\/2023\/02\/Sodra-rummet-kakelugn-1024x683.jpg 1024w, https:\/\/hedgarden.nu\/wp-content\/uploads\/2023\/02\/Sodra-rummet-kakelugn-300x200.jpg 300w, https:\/\/hedgarden.nu\/wp-content\/uploads\/2023\/02\/Sodra-rummet-kakelugn-768x512.jpg 768w, https:\/\/hedgarden.nu\/wp-content\/uploads\/2023\/02\/Sodra-rummet-kakelugn-1536x1025.jpg 1536w, https:\/\/hedgarden.nu\/wp-content\/uploads\/2023\/02\/Sodra-rummet-kakelugn.jpg 2000w\" sizes=\"(max-width: 800px) 100vw, 800px\" \/>\t\t\t\t\t\t\t\t\t\t\t\t\t\t\t<\/div>\n\t\t\t\t<\/div>\n\t\t\t\t<div class=\"elementor-element elementor-element-549d7cb0 elementor-widget elementor-widget-testimonial\" data-id=\"549d7cb0\" data-element_type=\"widget\" data-widget_type=\"testimonial.default\">\n\t\t\t\t<div class=\"elementor-widget-container\">\n\t\t\t\t\t\t\t<div class=\"elementor-testimonial-wrapper\">\n\t\t\t\t\t\t\t<div class=\"elementor-testimonial-content\"><p>S\u00f6dra rummet<\/p>\n<p>The room for sharing but in the same time have your owm room.<\/p>\n<\/div>\n\t\t\t\n\t\t\t\t\t<\/div>\n\t\t\t\t\t\t<\/div>\n\t\t\t\t<\/div>\n\t\t\t\t\t<\/div>\n\t\t<\/div>\n\t\t\t\t\t<\/div>\n\t\t<\/section>\n\t\t\t\t<section class=\"elementor-section elementor-top-section elementor-element elementor-element-c7ce683 elementor-section-full_width elementor-section-height-default elementor-section-height-default\" data-id=\"c7ce683\" data-element_type=\"section\">\n\t\t\t\t\t\t<div class=\"elementor-container elementor-column-gap-default\">\n\t\t\t\t\t<div class=\"elementor-column elementor-col-100 elementor-top-column elementor-element elementor-element-2c4d0a32\" data-id=\"2c4d0a32\" data-element_type=\"column\">\n\t\t\t<div class=\"elementor-widget-wrap elementor-element-populated\">\n\t\t\t\t\t\t<div class=\"elementor-element elementor-element-4d3eb14d elementor-widget elementor-widget-text-path\" data-id=\"4d3eb14d\" data-element_type=\"widget\" data-settings=\"{&quot;text&quot;:&quot;Sleep tight in and enjoy the stillness. &quot;,&quot;text_path_direction&quot;:&quot;ltr&quot;,&quot;align&quot;:&quot;left&quot;,&quot;link&quot;:{&quot;url&quot;:&quot;&quot;,&quot;is_external&quot;:&quot;&quot;,&quot;nofollow&quot;:&quot;&quot;,&quot;custom_attributes&quot;:&quot;&quot;},&quot;start_point&quot;:{&quot;unit&quot;:&quot;%&quot;,&quot;size&quot;:0,&quot;sizes&quot;:[]}}\" data-widget_type=\"text-path.default\">\n\t\t\t\t<div class=\"elementor-widget-container\">\n\t\t\t\t\t\t\t<div class=\"e-text-path\" data-text=\"Sleep tight in and enjoy the stillness. \" data-url=\"\/\/hedgarden.nu\/wp-content\/uploads\/2023\/02\/Nutrition_path.svg\" data-link-url=\"\"><\/div>\n\t\t\t\t\t\t<\/div>\n\t\t\t\t<\/div>\n\t\t\t\t\t<\/div>\n\t\t<\/div>\n\t\t\t\t\t<\/div>\n\t\t<\/section>\n\t\t\t\t<section class=\"elementor-section elementor-top-section elementor-element elementor-element-4df9b38f elementor-section-full_width elementor-section-height-default elementor-section-height-default\" data-id=\"4df9b38f\" data-element_type=\"section\">\n\t\t\t\t\t\t<div class=\"elementor-container elementor-column-gap-default\">\n\t\t\t\t\t<div class=\"elementor-column elementor-col-50 elementor-top-column elementor-element elementor-element-1840df41\" data-id=\"1840df41\" data-element_type=\"column\">\n\t\t\t<div class=\"elementor-widget-wrap\">\n\t\t\t\t\t\t\t<\/div>\n\t\t<\/div>\n\t\t\t\t<div class=\"elementor-column elementor-col-50 elementor-top-column elementor-element elementor-element-1505fbd\" data-id=\"1505fbd\" data-element_type=\"column\">\n\t\t\t<div class=\"elementor-widget-wrap\">\n\t\t\t\t\t\t\t<\/div>\n\t\t<\/div>\n\t\t\t\t\t<\/div>\n\t\t<\/section>\n\t\t\t\t<section class=\"elementor-section elementor-top-section elementor-element elementor-element-4a39e6a elementor-section-boxed elementor-section-height-default elementor-section-height-default\" data-id=\"4a39e6a\" data-element_type=\"section\">\n\t\t\t\t\t\t<div class=\"elementor-container elementor-column-gap-default\">\n\t\t\t\t\t<div class=\"elementor-column elementor-col-100 elementor-top-column elementor-element elementor-element-e341243\" data-id=\"e341243\" data-element_type=\"column\">\n\t\t\t<div class=\"elementor-widget-wrap elementor-element-populated\">\n\t\t\t\t\t\t<div class=\"elementor-element elementor-element-908612a elementor-widget elementor-widget-image\" data-id=\"908612a\" data-element_type=\"widget\" data-widget_type=\"image.default\">\n\t\t\t\t<div class=\"elementor-widget-container\">\n\t\t\t\t\t\t\t\t\t\t\t\t\t\t\t<img loading=\"lazy\" decoding=\"async\" width=\"800\" height=\"800\" src=\"https:\/\/hedgarden.nu\/wp-content\/uploads\/2023\/07\/IMG_20200712_191108_462-1024x1024.jpg\" class=\"attachment-large size-large wp-image-771\" alt=\"\" srcset=\"https:\/\/hedgarden.nu\/wp-content\/uploads\/2023\/07\/IMG_20200712_191108_462-1024x1024.jpg 1024w, https:\/\/hedgarden.nu\/wp-content\/uploads\/2023\/07\/IMG_20200712_191108_462-300x300.jpg 300w, https:\/\/hedgarden.nu\/wp-content\/uploads\/2023\/07\/IMG_20200712_191108_462-150x150.jpg 150w, https:\/\/hedgarden.nu\/wp-content\/uploads\/2023\/07\/IMG_20200712_191108_462-768x768.jpg 768w, https:\/\/hedgarden.nu\/wp-content\/uploads\/2023\/07\/IMG_20200712_191108_462-1536x1536.jpg 1536w, https:\/\/hedgarden.nu\/wp-content\/uploads\/2023\/07\/IMG_20200712_191108_462-2048x2048.jpg 2048w\" sizes=\"(max-width: 800px) 100vw, 800px\" \/>\t\t\t\t\t\t\t\t\t\t\t\t\t\t\t<\/div>\n\t\t\t\t<\/div>\n\t\t\t\t\t<\/div>\n\t\t<\/div>\n\t\t\t\t\t<\/div>\n\t\t<\/section>\n\t\t\t\t<\/div>\n\t\t","protected":false},"excerpt":{"rendered":"<p>Hedg\u00e5rdens Bo p\u00e5 Lantg\u00e5rd Bed and Breakfast in a rural enviroment Welcome On Hedg\u00e5rden you are staying in our turn of the century house. A rural idyllic place with a stunning view our the mountains and the forest. Besides the pleasant atmosphere, the building has seven beds, a large kitchen, three woodstoves, newly refurbished bathrooms [&hellip;]<\/p>\n","protected":false},"author":1,"featured_media":0,"parent":0,"menu_order":0,"comment_status":"closed","ping_status":"closed","template":"elementor_header_footer","meta":{"footnotes":""},"class_list":["post-904","page","type-page","status-publish","hentry"],"_links":{"self":[{"href":"https:\/\/hedgarden.nu\/en\/wp-json\/wp\/v2\/pages\/904","targetHints":{"allow":["GET"]}}],"collection":[{"href":"https:\/\/hedgarden.nu\/en\/wp-json\/wp\/v2\/pages"}],"about":[{"href":"https:\/\/hedgarden.nu\/en\/wp-json\/wp\/v2\/types\/page"}],"author":[{"embeddable":true,"href":"https:\/\/hedgarden.nu\/en\/wp-json\/wp\/v2\/users\/1"}],"replies":[{"embeddable":true,"href":"https:\/\/hedgarden.nu\/en\/wp-json\/wp\/v2\/comments?post=904"}],"version-history":[{"count":1,"href":"https:\/\/hedgarden.nu\/en\/wp-json\/wp\/v2\/pages\/904\/revisions"}],"predecessor-version":[{"id":905,"href":"https:\/\/hedgarden.nu\/en\/wp-json\/wp\/v2\/pages\/904\/revisions\/905"}],"wp:attachment":[{"href":"https:\/\/hedgarden.nu\/en\/wp-json\/wp\/v2\/media?parent=904"}],"curies":[{"name":"wp","href":"https:\/\/api.w.org\/{rel}","templated":true}]}}